{"id":589,"date":"2025-05-05T11:07:19","date_gmt":"2025-05-05T11:07:19","guid":{"rendered":"https:\/\/equipementsprogoedert.dev.apps.lu\/unsere-geschichte\/"},"modified":"2025-09-22T09:06:27","modified_gmt":"2025-09-22T09:06:27","slug":"unsere-geschichte","status":"publish","type":"page","link":"https:\/\/equipementsprogoedert.com\/de\/unsere-geschichte\/","title":{"rendered":"Unsere Geschichte"},"content":{"rendered":"<div class=\"et_pb_section_0 et_pb_section et_section_regular et_block_section\"><div class=\"et_pb_row_0 et_pb_row et_pb_gutters3 et_block_row\"><div class=\"et_pb_column_0 et_pb_column et_pb_column_1_2 et_block_column et_pb_css_mix_blend_mode_passthrough\"><div class=\"et_pb_text_0 et_pb_text et_pb_bg_layout_light et_pb_module\"><div class=\"et_pb_text_inner\"><h3>Unsere Geschichte, unsere Mission und unsere Vision<\/h3>\n<\/div><\/div><div class=\"et_pb_text_1 et_pb_text et_pb_bg_layout_light et_pb_module\"><div class=\"et_pb_text_inner\"><p>Equipements Pro Goedert wurde mit dem Ziel gegr\u00fcndet, den vielf\u00e4ltigen Anforderungen von Bauunternehmen an hochwertige Ausr\u00fcstung gerecht zu werden. Wir wissen, wie wichtig es ist, Werkzeuge und Maschinen zu haben, die nicht nur leistungsf\u00e4hig, sondern auch langlebig sind. Unsere Mission ist es daher, robuste und zuverl\u00e4ssige Produkte zu liefern, die den Anforderungen der Fachleute in diesem Bereich entsprechen.  <\/p>\n<p>Dar\u00fcber hinaus legen wir Wert darauf, eine enge Beziehung zu jedem unserer Kunden aufzubauen, um deren Erwartungen genau zu verstehen und ihnen einen ma\u00dfgeschneiderten Service anzubieten, der sie beim Erfolg ihrer Bauprojekte unterst\u00fctzt.<\/p>\n<\/div><\/div><\/div><div class=\"et_pb_column_1 et_pb_column et_pb_column_1_2 et-last-child et_block_column et_pb_css_mix_blend_mode_passthrough\"><div class=\"et_pb_divider_0 et_pb_divider_hidden et_pb_space et_pb_divider_position_top et_pb_module\"><div class=\"et_pb_divider_internal\"><\/div><\/div><\/div><\/div><\/div><div class=\"et_pb_section_1 et_pb_section et_section_regular et_block_section\"><div class=\"et_pb_row_1 et_pb_row et_pb_gutters3 et_block_row\"><div class=\"et_pb_column_2 et_pb_column et_pb_column_4_4 et-last-child et_block_column et_pb_css_mix_blend_mode_passthrough\"><div class=\"et_pb_text_2 et_pb_text et_pb_bg_layout_light et_pb_module\"><div class=\"et_pb_text_inner\"><h2>Unser Team<\/h2>\n<\/div><\/div><div class=\"et_pb_text_3 et_pb_text et_pb_bg_layout_light et_pb_module\"><div class=\"et_pb_text_inner\"><p>Engagierte Experten zu Ihren Diensten<\/p>\n<\/div><\/div><\/div><\/div><div class=\"et_pb_row_2 et_pb_row et_pb_gutters3 et_block_row\"><div class=\"et_pb_column_3 et_pb_column et_pb_column_1_3 et_block_column et_pb_css_mix_blend_mode_passthrough\"><div class=\"et_pb_team_member_0 et_pb_team_member clearfix et_pb_bg_layout_light et_pb_module\"><div class=\"et_pb_team_member_image et-waypoint et_pb_animation_off\"><img decoding=\"async\" src=\"data:image\/svg+xml;base64,PHN2ZyB3aWR0aD0iNTAwIiBoZWlnaHQ9IjUwMCIgdmlld0JveD0iMCAwIDUwMCA1MDAiIHhtbG5zPSJodHRwOi8vd3d3LnczLm9yZy8yMDAwL3N2ZyI+CiAgICA8ZyBmaWxsPSJub25lIiBmaWxsLXJ1bGU9ImV2ZW5vZGQiPgogICAgICAgIDxwYXRoIGZpbGw9IiNFQkVCRUIiIGQ9Ik0wIDBoNTAwdjUwMEgweiIvPgogICAgICAgIDxyZWN0IGZpbGwtb3BhY2l0eT0iLjEiIGZpbGw9IiMwMDAiIHg9IjY4IiB5PSIzMDUiIHdpZHRoPSIzNjQiIGhlaWdodD0iNTY4IiByeD0iMTgyIi8+CiAgICAgICAgPGNpcmNsZSBmaWxsLW9wYWNpdHk9Ii4xIiBmaWxsPSIjMDAwIiBjeD0iMjQ5IiBjeT0iMTcyIiByPSIxMDAiLz4KICAgIDwvZz4KPC9zdmc+Cg==\" alt=\"Name\" \/><\/div><div class=\"et_pb_team_member_description\"><h4 class=\"et_pb_module_header\">Name<\/h4><p class=\"et_pb_member_position\">Position<\/p><div class=\"et_pb_team_member_description_content\"><p>Ihr Inhalt kommt hierher. Bearbeiten oder entfernen Sie diesen Text direkt oder in den Inhaltseinstellungen des Moduls. Sie k\u00f6nnen auch jeden Aspekt dieses Inhalts in den Designeinstellungen des Moduls gestalten und sogar benutzerdefiniertes CSS auf diesen Text in den erweiterten Einstellungen des Moduls anwenden.  <\/p>\n<\/div><ul class=\"et_pb_member_social_links\"><li><a href=\"#\" class=\"et_pb_font_icon et_pb_facebook_icon\" title=\"Facebook\"><span>Facebook<\/span><\/a><\/li><li><a href=\"#\" class=\"et_pb_font_icon et_pb_twitter_icon\" title=\"Twitter\"><span>Twitter<\/span><\/a><\/li><li><a href=\"#\" class=\"et_pb_font_icon et_pb_linkedin_icon\" title=\"LinkedIn\"><span>LinkedIn<\/span><\/a><\/li><\/ul><\/div><\/div><\/div><div class=\"et_pb_column_4 et_pb_column et_pb_column_1_3 et_block_column et_pb_css_mix_blend_mode_passthrough\"><div class=\"et_pb_team_member_1 et_pb_team_member clearfix et_pb_bg_layout_light et_pb_module\"><div class=\"et_pb_team_member_image et-waypoint et_pb_animation_off\"><img decoding=\"async\" src=\"data:image\/svg+xml;base64,PHN2ZyB3aWR0aD0iNTAwIiBoZWlnaHQ9IjUwMCIgdmlld0JveD0iMCAwIDUwMCA1MDAiIHhtbG5zPSJodHRwOi8vd3d3LnczLm9yZy8yMDAwL3N2ZyI+CiAgICA8ZyBmaWxsPSJub25lIiBmaWxsLXJ1bGU9ImV2ZW5vZGQiPgogICAgICAgIDxwYXRoIGZpbGw9IiNFQkVCRUIiIGQ9Ik0wIDBoNTAwdjUwMEgweiIvPgogICAgICAgIDxyZWN0IGZpbGwtb3BhY2l0eT0iLjEiIGZpbGw9IiMwMDAiIHg9IjY4IiB5PSIzMDUiIHdpZHRoPSIzNjQiIGhlaWdodD0iNTY4IiByeD0iMTgyIi8+CiAgICAgICAgPGNpcmNsZSBmaWxsLW9wYWNpdHk9Ii4xIiBmaWxsPSIjMDAwIiBjeD0iMjQ5IiBjeT0iMTcyIiByPSIxMDAiLz4KICAgIDwvZz4KPC9zdmc+Cg==\" alt=\"Name\" \/><\/div><div class=\"et_pb_team_member_description\"><h4 class=\"et_pb_module_header\">Name<\/h4><p class=\"et_pb_member_position\">Position<\/p><div class=\"et_pb_team_member_description_content\"><p>Ihr Inhalt kommt hierher. Bearbeiten oder entfernen Sie diesen Text direkt oder in den Inhaltseinstellungen des Moduls. Sie k\u00f6nnen auch jeden Aspekt dieses Inhalts in den Designeinstellungen des Moduls gestalten und sogar benutzerdefiniertes CSS auf diesen Text in den erweiterten Einstellungen des Moduls anwenden.  <\/p>\n<\/div><ul class=\"et_pb_member_social_links\"><li><a href=\"#\" class=\"et_pb_font_icon et_pb_facebook_icon\" title=\"Facebook\"><span>Facebook<\/span><\/a><\/li><li><a href=\"#\" class=\"et_pb_font_icon et_pb_twitter_icon\" title=\"Twitter\"><span>Twitter<\/span><\/a><\/li><li><a href=\"#\" class=\"et_pb_font_icon et_pb_linkedin_icon\" title=\"LinkedIn\"><span>LinkedIn<\/span><\/a><\/li><\/ul><\/div><\/div><\/div><div class=\"et_pb_column_5 et_pb_column et_pb_column_1_3 et-last-child et_block_column et_pb_css_mix_blend_mode_passthrough\"><div class=\"et_pb_team_member_2 et_pb_team_member clearfix et_pb_bg_layout_light et_pb_module\"><div class=\"et_pb_team_member_image et-waypoint et_pb_animation_off\"><img decoding=\"async\" src=\"data:image\/svg+xml;base64,PHN2ZyB3aWR0aD0iNTAwIiBoZWlnaHQ9IjUwMCIgdmlld0JveD0iMCAwIDUwMCA1MDAiIHhtbG5zPSJodHRwOi8vd3d3LnczLm9yZy8yMDAwL3N2ZyI+CiAgICA8ZyBmaWxsPSJub25lIiBmaWxsLXJ1bGU9ImV2ZW5vZGQiPgogICAgICAgIDxwYXRoIGZpbGw9IiNFQkVCRUIiIGQ9Ik0wIDBoNTAwdjUwMEgweiIvPgogICAgICAgIDxyZWN0IGZpbGwtb3BhY2l0eT0iLjEiIGZpbGw9IiMwMDAiIHg9IjY4IiB5PSIzMDUiIHdpZHRoPSIzNjQiIGhlaWdodD0iNTY4IiByeD0iMTgyIi8+CiAgICAgICAgPGNpcmNsZSBmaWxsLW9wYWNpdHk9Ii4xIiBmaWxsPSIjMDAwIiBjeD0iMjQ5IiBjeT0iMTcyIiByPSIxMDAiLz4KICAgIDwvZz4KPC9zdmc+Cg==\" alt=\"Name\" \/><\/div><div class=\"et_pb_team_member_description\"><h4 class=\"et_pb_module_header\">Name<\/h4><p class=\"et_pb_member_position\">Position<\/p><div class=\"et_pb_team_member_description_content\"><p>Ihr Inhalt kommt hierher. Bearbeiten oder entfernen Sie diesen Text direkt oder in den Inhaltseinstellungen des Moduls. Sie k\u00f6nnen auch jeden Aspekt dieses Inhalts in den Designeinstellungen des Moduls gestalten und sogar benutzerdefiniertes CSS auf diesen Text in den erweiterten Einstellungen des Moduls anwenden.  <\/p>\n<\/div><ul class=\"et_pb_member_social_links\"><li><a href=\"#\" class=\"et_pb_font_icon et_pb_facebook_icon\" title=\"Facebook\"><span>Facebook<\/span><\/a><\/li><li><a href=\"#\" class=\"et_pb_font_icon et_pb_twitter_icon\" title=\"Twitter\"><span>Twitter<\/span><\/a><\/li><li><a href=\"#\" class=\"et_pb_font_icon et_pb_linkedin_icon\" title=\"LinkedIn\"><span>LinkedIn<\/span><\/a><\/li><\/ul><\/div><\/div><\/div><\/div><div class=\"et_pb_row_3 et_pb_row et_pb_gutters3 et_block_row\"><div class=\"et_pb_column_6 et_pb_column et_pb_column_1_3 et_block_column et_pb_css_mix_blend_mode_passthrough\"><div class=\"et_pb_team_member_3 et_pb_team_member clearfix et_pb_bg_layout_light et_pb_module\"><div class=\"et_pb_team_member_image et-waypoint et_pb_animation_off\"><img decoding=\"async\" src=\"data:image\/svg+xml;base64,PHN2ZyB3aWR0aD0iNTAwIiBoZWlnaHQ9IjUwMCIgdmlld0JveD0iMCAwIDUwMCA1MDAiIHhtbG5zPSJodHRwOi8vd3d3LnczLm9yZy8yMDAwL3N2ZyI+CiAgICA8ZyBmaWxsPSJub25lIiBmaWxsLXJ1bGU9ImV2ZW5vZGQiPgogICAgICAgIDxwYXRoIGZpbGw9IiNFQkVCRUIiIGQ9Ik0wIDBoNTAwdjUwMEgweiIvPgogICAgICAgIDxyZWN0IGZpbGwtb3BhY2l0eT0iLjEiIGZpbGw9IiMwMDAiIHg9IjY4IiB5PSIzMDUiIHdpZHRoPSIzNjQiIGhlaWdodD0iNTY4IiByeD0iMTgyIi8+CiAgICAgICAgPGNpcmNsZSBmaWxsLW9wYWNpdHk9Ii4xIiBmaWxsPSIjMDAwIiBjeD0iMjQ5IiBjeT0iMTcyIiByPSIxMDAiLz4KICAgIDwvZz4KPC9zdmc+Cg==\" alt=\"Name\" \/><\/div><div class=\"et_pb_team_member_description\"><h4 class=\"et_pb_module_header\">Name<\/h4><p class=\"et_pb_member_position\">Position<\/p><div class=\"et_pb_team_member_description_content\"><p>Ihr Inhalt kommt hierher. Bearbeiten oder entfernen Sie diesen Text direkt oder in den Inhaltseinstellungen des Moduls. Sie k\u00f6nnen auch jeden Aspekt dieses Inhalts in den Designeinstellungen des Moduls gestalten und sogar benutzerdefiniertes CSS auf diesen Text in den erweiterten Einstellungen des Moduls anwenden.  <\/p>\n<\/div><ul class=\"et_pb_member_social_links\"><li><a href=\"#\" class=\"et_pb_font_icon et_pb_facebook_icon\" title=\"Facebook\"><span>Facebook<\/span><\/a><\/li><li><a href=\"#\" class=\"et_pb_font_icon et_pb_twitter_icon\" title=\"Twitter\"><span>Twitter<\/span><\/a><\/li><li><a href=\"#\" class=\"et_pb_font_icon et_pb_linkedin_icon\" title=\"LinkedIn\"><span>LinkedIn<\/span><\/a><\/li><\/ul><\/div><\/div><\/div><div class=\"et_pb_column_7 et_pb_column et_pb_column_1_3 et_block_column et_pb_css_mix_blend_mode_passthrough\"><div class=\"et_pb_team_member_4 et_pb_team_member clearfix et_pb_bg_layout_light et_pb_module\"><div class=\"et_pb_team_member_image et-waypoint et_pb_animation_off\"><img decoding=\"async\" src=\"data:image\/svg+xml;base64,PHN2ZyB3aWR0aD0iNTAwIiBoZWlnaHQ9IjUwMCIgdmlld0JveD0iMCAwIDUwMCA1MDAiIHhtbG5zPSJodHRwOi8vd3d3LnczLm9yZy8yMDAwL3N2ZyI+CiAgICA8ZyBmaWxsPSJub25lIiBmaWxsLXJ1bGU9ImV2ZW5vZGQiPgogICAgICAgIDxwYXRoIGZpbGw9IiNFQkVCRUIiIGQ9Ik0wIDBoNTAwdjUwMEgweiIvPgogICAgICAgIDxyZWN0IGZpbGwtb3BhY2l0eT0iLjEiIGZpbGw9IiMwMDAiIHg9IjY4IiB5PSIzMDUiIHdpZHRoPSIzNjQiIGhlaWdodD0iNTY4IiByeD0iMTgyIi8+CiAgICAgICAgPGNpcmNsZSBmaWxsLW9wYWNpdHk9Ii4xIiBmaWxsPSIjMDAwIiBjeD0iMjQ5IiBjeT0iMTcyIiByPSIxMDAiLz4KICAgIDwvZz4KPC9zdmc+Cg==\" alt=\"Name\" \/><\/div><div class=\"et_pb_team_member_description\"><h4 class=\"et_pb_module_header\">Name<\/h4><p class=\"et_pb_member_position\">Position<\/p><div class=\"et_pb_team_member_description_content\"><p>Ihr Inhalt kommt hierher. Bearbeiten oder entfernen Sie diesen Text direkt oder in den Inhaltseinstellungen des Moduls. Sie k\u00f6nnen auch jeden Aspekt dieses Inhalts in den Designeinstellungen des Moduls gestalten und sogar benutzerdefiniertes CSS auf diesen Text in den erweiterten Einstellungen des Moduls anwenden.  <\/p>\n<\/div><ul class=\"et_pb_member_social_links\"><li><a href=\"#\" class=\"et_pb_font_icon et_pb_facebook_icon\" title=\"Facebook\"><span>Facebook<\/span><\/a><\/li><li><a href=\"#\" class=\"et_pb_font_icon et_pb_twitter_icon\" title=\"Twitter\"><span>Twitter<\/span><\/a><\/li><li><a href=\"#\" class=\"et_pb_font_icon et_pb_linkedin_icon\" title=\"LinkedIn\"><span>LinkedIn<\/span><\/a><\/li><\/ul><\/div><\/div><\/div><div class=\"et_pb_column_8 et_pb_column et_pb_column_1_3 et-last-child et_block_column et_pb_css_mix_blend_mode_passthrough\"><div class=\"et_pb_team_member_5 et_pb_team_member clearfix et_pb_bg_layout_light et_pb_module\"><div class=\"et_pb_team_member_image et-waypoint et_pb_animation_off\"><img decoding=\"async\" src=\"data:image\/svg+xml;base64,PHN2ZyB3aWR0aD0iNTAwIiBoZWlnaHQ9IjUwMCIgdmlld0JveD0iMCAwIDUwMCA1MDAiIHhtbG5zPSJodHRwOi8vd3d3LnczLm9yZy8yMDAwL3N2ZyI+CiAgICA8ZyBmaWxsPSJub25lIiBmaWxsLXJ1bGU9ImV2ZW5vZGQiPgogICAgICAgIDxwYXRoIGZpbGw9IiNFQkVCRUIiIGQ9Ik0wIDBoNTAwdjUwMEgweiIvPgogICAgICAgIDxyZWN0IGZpbGwtb3BhY2l0eT0iLjEiIGZpbGw9IiMwMDAiIHg9IjY4IiB5PSIzMDUiIHdpZHRoPSIzNjQiIGhlaWdodD0iNTY4IiByeD0iMTgyIi8+CiAgICAgICAgPGNpcmNsZSBmaWxsLW9wYWNpdHk9Ii4xIiBmaWxsPSIjMDAwIiBjeD0iMjQ5IiBjeT0iMTcyIiByPSIxMDAiLz4KICAgIDwvZz4KPC9zdmc+Cg==\" alt=\"Name\" \/><\/div><div class=\"et_pb_team_member_description\"><h4 class=\"et_pb_module_header\">Name<\/h4><p class=\"et_pb_member_position\">Position<\/p><div class=\"et_pb_team_member_description_content\"><p>Ihr Inhalt kommt hierher. Bearbeiten oder entfernen Sie diesen Text direkt oder in den Inhaltseinstellungen des Moduls. Sie k\u00f6nnen auch jeden Aspekt dieses Inhalts in den Designeinstellungen des Moduls gestalten und sogar benutzerdefiniertes CSS auf diesen Text in den erweiterten Einstellungen des Moduls anwenden.  <\/p>\n<\/div><ul class=\"et_pb_member_social_links\"><li><a href=\"#\" class=\"et_pb_font_icon et_pb_facebook_icon\" title=\"Facebook\"><span>Facebook<\/span><\/a><\/li><li><a href=\"#\" class=\"et_pb_font_icon et_pb_twitter_icon\" title=\"Twitter\"><span>Twitter<\/span><\/a><\/li><li><a href=\"#\" class=\"et_pb_font_icon et_pb_linkedin_icon\" title=\"LinkedIn\"><span>LinkedIn<\/span><\/a><\/li><\/ul><\/div><\/div><\/div><\/div><\/div><div class=\"et_pb_section_2 et_pb_section et_section_regular et_block_section\"><div class=\"et_pb_row_4 et_pb_row et_pb_gutters3 et_block_row\"><div class=\"et_pb_column_9 et_pb_column et_pb_column_4_4 et-last-child et_block_column et_pb_css_mix_blend_mode_passthrough\"><div class=\"et_pb_text_4 et_pb_text et_pb_bg_layout_light et_pb_module\"><div class=\"et_pb_text_inner\"><h3>Wir stellen ein!<\/h3>\n<\/div><\/div><div class=\"et_pb_text_5 et_pb_text et_pb_bg_layout_light et_pb_module\"><div class=\"et_pb_text_inner\"><p>Werden Sie Teil unseres dynamischen und engagierten Teams<\/p>\n<\/div><\/div><div class=\"et_pb_module et_pb_button_module_wrapper et_pb_button_0_wrapper preset--module--divi-button--default_wrapper\"><a class=\"et_pb_button_0 et_pb_button et_pb_bg_layout_light preset--module--divi-button--default\" href=\"\">Bewerbung<\/a><\/div><\/div><\/div><\/div>","protected":false},"excerpt":{"rendered":"","protected":false},"author":1,"featured_media":0,"parent":0,"menu_order":0,"comment_status":"closed","ping_status":"closed","template":"","meta":{"footnotes":""},"class_list":["post-589","page","type-page","status-publish","hentry"],"yoast_head":"<!-- This site is optimized with the Yoast SEO plugin v27.5 - https:\/\/yoast.com\/product\/yoast-seo-wordpress\/ -->\n<title>Unsere Geschichte - Equipements Pro Goedert<\/title>\n<meta name=\"robots\" content=\"index, follow, max-snippet:-1, max-image-preview:large, max-video-preview:-1\" \/>\n<link rel=\"canonical\" href=\"https:\/\/equipementsprogoedert.com\/de\/unsere-geschichte\/\" \/>\n<meta property=\"og:locale\" content=\"de_DE\" \/>\n<meta property=\"og:type\" content=\"article\" \/>\n<meta property=\"og:title\" content=\"Unsere Geschichte - Equipements Pro Goedert\" \/>\n<meta property=\"og:url\" content=\"https:\/\/equipementsprogoedert.com\/de\/unsere-geschichte\/\" \/>\n<meta property=\"og:site_name\" content=\"Equipements Pro Goedert\" \/>\n<meta property=\"article:modified_time\" content=\"2025-09-22T09:06:27+00:00\" \/>\n<meta name=\"twitter:card\" content=\"summary_large_image\" \/>\n<script type=\"application\/ld+json\" class=\"yoast-schema-graph\">{\"@context\":\"https:\\\/\\\/schema.org\",\"@graph\":[{\"@type\":\"WebPage\",\"@id\":\"https:\\\/\\\/equipementsprogoedert.com\\\/de\\\/unsere-geschichte\\\/\",\"url\":\"https:\\\/\\\/equipementsprogoedert.com\\\/de\\\/unsere-geschichte\\\/\",\"name\":\"Unsere Geschichte - Equipements Pro Goedert\",\"isPartOf\":{\"@id\":\"https:\\\/\\\/equipementsprogoedert.com\\\/de\\\/#website\"},\"datePublished\":\"2025-05-05T11:07:19+00:00\",\"dateModified\":\"2025-09-22T09:06:27+00:00\",\"breadcrumb\":{\"@id\":\"https:\\\/\\\/equipementsprogoedert.com\\\/de\\\/unsere-geschichte\\\/#breadcrumb\"},\"inLanguage\":\"de\",\"potentialAction\":[{\"@type\":\"ReadAction\",\"target\":[\"https:\\\/\\\/equipementsprogoedert.com\\\/de\\\/unsere-geschichte\\\/\"]}]},{\"@type\":\"BreadcrumbList\",\"@id\":\"https:\\\/\\\/equipementsprogoedert.com\\\/de\\\/unsere-geschichte\\\/#breadcrumb\",\"itemListElement\":[{\"@type\":\"ListItem\",\"position\":1,\"name\":\"Startseite\",\"item\":\"https:\\\/\\\/equipementsprogoedert.com\\\/de\\\/\"},{\"@type\":\"ListItem\",\"position\":2,\"name\":\"Unsere Geschichte\"}]},{\"@type\":\"WebSite\",\"@id\":\"https:\\\/\\\/equipementsprogoedert.com\\\/de\\\/#website\",\"url\":\"https:\\\/\\\/equipementsprogoedert.com\\\/de\\\/\",\"name\":\"Equipements Pro Goedert\",\"description\":\"\",\"publisher\":{\"@id\":\"https:\\\/\\\/equipementsprogoedert.com\\\/de\\\/#organization\"},\"potentialAction\":[{\"@type\":\"SearchAction\",\"target\":{\"@type\":\"EntryPoint\",\"urlTemplate\":\"https:\\\/\\\/equipementsprogoedert.com\\\/de\\\/?s={search_term_string}\"},\"query-input\":{\"@type\":\"PropertyValueSpecification\",\"valueRequired\":true,\"valueName\":\"search_term_string\"}}],\"inLanguage\":\"de\"},{\"@type\":\"Organization\",\"@id\":\"https:\\\/\\\/equipementsprogoedert.com\\\/de\\\/#organization\",\"name\":\"Equipements Pro Goedert\",\"url\":\"https:\\\/\\\/equipementsprogoedert.com\\\/de\\\/\",\"logo\":{\"@type\":\"ImageObject\",\"inLanguage\":\"de\",\"@id\":\"https:\\\/\\\/equipementsprogoedert.com\\\/de\\\/#\\\/schema\\\/logo\\\/image\\\/\",\"url\":\"https:\\\/\\\/equipementsprogoedert.com\\\/wp-content\\\/uploads\\\/2025\\\/05\\\/image-6-scaled.png\",\"contentUrl\":\"https:\\\/\\\/equipementsprogoedert.com\\\/wp-content\\\/uploads\\\/2025\\\/05\\\/image-6-scaled.png\",\"width\":2560,\"height\":698,\"caption\":\"Equipements Pro Goedert\"},\"image\":{\"@id\":\"https:\\\/\\\/equipementsprogoedert.com\\\/de\\\/#\\\/schema\\\/logo\\\/image\\\/\"}}]}<\/script>\n<!-- \/ Yoast SEO plugin. -->","yoast_head_json":{"title":"Unsere Geschichte - Equipements Pro Goedert","robots":{"index":"index","follow":"follow","max-snippet":"max-snippet:-1","max-image-preview":"max-image-preview:large","max-video-preview":"max-video-preview:-1"},"canonical":"https:\/\/equipementsprogoedert.com\/de\/unsere-geschichte\/","og_locale":"de_DE","og_type":"article","og_title":"Unsere Geschichte - Equipements Pro Goedert","og_url":"https:\/\/equipementsprogoedert.com\/de\/unsere-geschichte\/","og_site_name":"Equipements Pro Goedert","article_modified_time":"2025-09-22T09:06:27+00:00","twitter_card":"summary_large_image","schema":{"@context":"https:\/\/schema.org","@graph":[{"@type":"WebPage","@id":"https:\/\/equipementsprogoedert.com\/de\/unsere-geschichte\/","url":"https:\/\/equipementsprogoedert.com\/de\/unsere-geschichte\/","name":"Unsere Geschichte - Equipements Pro Goedert","isPartOf":{"@id":"https:\/\/equipementsprogoedert.com\/de\/#website"},"datePublished":"2025-05-05T11:07:19+00:00","dateModified":"2025-09-22T09:06:27+00:00","breadcrumb":{"@id":"https:\/\/equipementsprogoedert.com\/de\/unsere-geschichte\/#breadcrumb"},"inLanguage":"de","potentialAction":[{"@type":"ReadAction","target":["https:\/\/equipementsprogoedert.com\/de\/unsere-geschichte\/"]}]},{"@type":"BreadcrumbList","@id":"https:\/\/equipementsprogoedert.com\/de\/unsere-geschichte\/#breadcrumb","itemListElement":[{"@type":"ListItem","position":1,"name":"Startseite","item":"https:\/\/equipementsprogoedert.com\/de\/"},{"@type":"ListItem","position":2,"name":"Unsere Geschichte"}]},{"@type":"WebSite","@id":"https:\/\/equipementsprogoedert.com\/de\/#website","url":"https:\/\/equipementsprogoedert.com\/de\/","name":"Equipements Pro Goedert","description":"","publisher":{"@id":"https:\/\/equipementsprogoedert.com\/de\/#organization"},"potentialAction":[{"@type":"SearchAction","target":{"@type":"EntryPoint","urlTemplate":"https:\/\/equipementsprogoedert.com\/de\/?s={search_term_string}"},"query-input":{"@type":"PropertyValueSpecification","valueRequired":true,"valueName":"search_term_string"}}],"inLanguage":"de"},{"@type":"Organization","@id":"https:\/\/equipementsprogoedert.com\/de\/#organization","name":"Equipements Pro Goedert","url":"https:\/\/equipementsprogoedert.com\/de\/","logo":{"@type":"ImageObject","inLanguage":"de","@id":"https:\/\/equipementsprogoedert.com\/de\/#\/schema\/logo\/image\/","url":"https:\/\/equipementsprogoedert.com\/wp-content\/uploads\/2025\/05\/image-6-scaled.png","contentUrl":"https:\/\/equipementsprogoedert.com\/wp-content\/uploads\/2025\/05\/image-6-scaled.png","width":2560,"height":698,"caption":"Equipements Pro Goedert"},"image":{"@id":"https:\/\/equipementsprogoedert.com\/de\/#\/schema\/logo\/image\/"}}]}},"_links":{"self":[{"href":"https:\/\/equipementsprogoedert.com\/de\/wp-json\/wp\/v2\/pages\/589","targetHints":{"allow":["GET"]}}],"collection":[{"href":"https:\/\/equipementsprogoedert.com\/de\/wp-json\/wp\/v2\/pages"}],"about":[{"href":"https:\/\/equipementsprogoedert.com\/de\/wp-json\/wp\/v2\/types\/page"}],"author":[{"embeddable":true,"href":"https:\/\/equipementsprogoedert.com\/de\/wp-json\/wp\/v2\/users\/1"}],"replies":[{"embeddable":true,"href":"https:\/\/equipementsprogoedert.com\/de\/wp-json\/wp\/v2\/comments?post=589"}],"version-history":[{"count":0,"href":"https:\/\/equipementsprogoedert.com\/de\/wp-json\/wp\/v2\/pages\/589\/revisions"}],"wp:attachment":[{"href":"https:\/\/equipementsprogoedert.com\/de\/wp-json\/wp\/v2\/media?parent=589"}],"curies":[{"name":"wp","href":"https:\/\/api.w.org\/{rel}","templated":true}]}}